{"id":155,"date":"2016-01-15T10:29:12","date_gmt":"2016-01-15T09:29:12","guid":{"rendered":"http:\/\/meden.pl\/sprzetuzywany\/?page_id=155"},"modified":"2016-03-01T11:42:07","modified_gmt":"2016-03-01T10:42:07","slug":"wieszak-na-kroplowke-amtai","status":"publish","type":"page","link":"https:\/\/meden.pl\/sprzetuzywany\/strona-glowna\/akcesoria\/wieszak-na-kroplowke-amtai\/","title":{"rendered":"Wieszak na kropl\u00f3wk\u0119 AMTAI"},"content":{"rendered":"<p><a  class=\"colorbox\"  href=\"http:\/\/meden.pl\/wp-content\/uploads\/sites\/5\/2016\/01\/Wieszak-na-kropl\u00f3wk\u0119.jpg\" ><img loading=\"lazy\" decoding=\"async\" class=\"alignleft size-thumbnail wp-image-154\" src=\"http:\/\/meden.pl\/wp-content\/uploads\/sites\/5\/2016\/01\/Wieszak-na-kropl\u00f3wk\u0119-150x150.jpg\" alt=\"Wieszak na kropl\u00f3wk\u0119\" width=\"150\" height=\"150\" srcset=\"https:\/\/meden.pl\/sprzetuzywany\/wp-content\/uploads\/sites\/5\/2016\/01\/Wieszak-na-kropl\u00f3wk\u0119-150x150.jpg 150w, https:\/\/meden.pl\/sprzetuzywany\/wp-content\/uploads\/sites\/5\/2016\/01\/Wieszak-na-kropl\u00f3wk\u0119-100x100.jpg 100w\" sizes=\"auto, (max-width: 150px) 100vw, 150px\" \/><\/a><\/p>\n<p>&nbsp;<\/p>\n<p>&nbsp;<\/p>\n<p>&nbsp;<\/p>\n<p>&nbsp;<\/p>\n<p>&nbsp;<\/p>\n<p>&nbsp;<\/p>\n<p>&nbsp;<\/p>\n<p><strong>OPIS:<\/strong><\/p>\n<h4>Wieszak na kropl\u00f3wk\u0119 AMTAI<\/h4>\n<p>Wieszak na kropl\u00f3wk\u0119 mocowany do szyny za pomoc\u0105 uchwytu obrotowego. Wysoko\u015b\u0107 i k\u0105t mo\u017cna regulowa\u0107 r\u0119cznie. Wykonany ze stali nierdzewnej i plastiku. Producent Amtai USA.<\/p>\n<p><strong>Stan:<\/strong><\/p>\n<p>Fabrycznie nowe oraz u\u017cywane. U\u017cywane w pe\u0142ni sprawne w bardzo dobrym stanie.<\/p>\n<p><strong>\u00a0Kontakt:<\/strong> <strong>508 585 407<\/strong><\/p>\n","protected":false},"excerpt":{"rendered":"<p>Wieszak na kropl\u00f3wk\u0119 mocowany do szyny za pomoc\u0105 uchwytu obrotowego. Wysoko\u015b\u0107 i k\u0105t mo\u017cna regulowa\u0107 r\u0119cznie. Wykonany ze stali nierdzewnej i plastiku. Producent Amtai <\/p>\n","protected":false},"author":3,"featured_media":154,"parent":64,"menu_order":0,"comment_status":"closed","ping_status":"closed","template":"","meta":{"_monsterinsights_skip_tracking":false,"_monsterinsights_sitenote_active":false,"_monsterinsights_sitenote_note":"","_monsterinsights_sitenote_category":0,"footnotes":""},"class_list":["post-155","page","type-page","status-publish","has-post-thumbnail","hentry"],"yoast_head":"<!-- This site is optimized with the Yoast SEO plugin v27.6 - https:\/\/yoast.com\/product\/yoast-seo-wordpress\/ -->\n<title>Wieszak na kropl\u00f3wk\u0119 AMTAI - Meden - u\u017cywany sprz\u0119t medyczny<\/title>\n<meta name=\"robots\" content=\"index, follow, max-snippet:-1, max-image-preview:large, max-video-preview:-1\" \/>\n<link rel=\"canonical\" href=\"https:\/\/meden.pl\/sprzetuzywany\/strona-glowna\/akcesoria\/wieszak-na-kroplowke-amtai\/\" \/>\n<meta property=\"og:locale\" content=\"pl_PL\" \/>\n<meta property=\"og:type\" content=\"article\" \/>\n<meta property=\"og:title\" content=\"Wieszak na kropl\u00f3wk\u0119 AMTAI - Meden - u\u017cywany sprz\u0119t medyczny\" \/>\n<meta property=\"og:description\" content=\"Wieszak na kropl\u00f3wk\u0119 mocowany do szyny za pomoc\u0105 uchwytu obrotowego. Wysoko\u015b\u0107 i k\u0105t mo\u017cna regulowa\u0107 r\u0119cznie. Wykonany ze stali nierdzewnej i plastiku. Producent Amtai\" \/>\n<meta property=\"og:url\" content=\"https:\/\/meden.pl\/sprzetuzywany\/strona-glowna\/akcesoria\/wieszak-na-kroplowke-amtai\/\" \/>\n<meta property=\"og:site_name\" content=\"Meden - u\u017cywany sprz\u0119t medyczny\" \/>\n<meta property=\"article:modified_time\" content=\"2016-03-01T10:42:07+00:00\" \/>\n<meta property=\"og:image\" content=\"https:\/\/meden.pl\/sprzetuzywany\/wp-content\/uploads\/sites\/5\/2016\/01\/Wieszak-na-kropl\u00f3wk\u0119.jpg\" \/>\n\t<meta property=\"og:image:width\" content=\"533\" \/>\n\t<meta property=\"og:image:height\" content=\"1204\" \/>\n\t<meta property=\"og:image:type\" content=\"image\/jpeg\" \/>\n<meta name=\"twitter:card\" content=\"summary_large_image\" \/>\n<script type=\"application\/ld+json\" class=\"yoast-schema-graph\">{\"@context\":\"https:\\\/\\\/schema.org\",\"@graph\":[{\"@type\":\"WebPage\",\"@id\":\"https:\\\/\\\/meden.pl\\\/sprzetuzywany\\\/strona-glowna\\\/akcesoria\\\/wieszak-na-kroplowke-amtai\\\/\",\"url\":\"https:\\\/\\\/meden.pl\\\/sprzetuzywany\\\/strona-glowna\\\/akcesoria\\\/wieszak-na-kroplowke-amtai\\\/\",\"name\":\"Wieszak na kropl\u00f3wk\u0119 AMTAI - Meden - u\u017cywany sprz\u0119t medyczny\",\"isPartOf\":{\"@id\":\"https:\\\/\\\/meden.pl\\\/sprzetuzywany\\\/#website\"},\"primaryImageOfPage\":{\"@id\":\"https:\\\/\\\/meden.pl\\\/sprzetuzywany\\\/strona-glowna\\\/akcesoria\\\/wieszak-na-kroplowke-amtai\\\/#primaryimage\"},\"image\":{\"@id\":\"https:\\\/\\\/meden.pl\\\/sprzetuzywany\\\/strona-glowna\\\/akcesoria\\\/wieszak-na-kroplowke-amtai\\\/#primaryimage\"},\"thumbnailUrl\":\"https:\\\/\\\/meden.pl\\\/sprzetuzywany\\\/wp-content\\\/uploads\\\/sites\\\/5\\\/2016\\\/01\\\/Wieszak-na-kropl\u00f3wk\u0119.jpg\",\"datePublished\":\"2016-01-15T09:29:12+00:00\",\"dateModified\":\"2016-03-01T10:42:07+00:00\",\"breadcrumb\":{\"@id\":\"https:\\\/\\\/meden.pl\\\/sprzetuzywany\\\/strona-glowna\\\/akcesoria\\\/wieszak-na-kroplowke-amtai\\\/#breadcrumb\"},\"inLanguage\":\"pl-PL\",\"potentialAction\":[{\"@type\":\"ReadAction\",\"target\":[\"https:\\\/\\\/meden.pl\\\/sprzetuzywany\\\/strona-glowna\\\/akcesoria\\\/wieszak-na-kroplowke-amtai\\\/\"]}]},{\"@type\":\"ImageObject\",\"inLanguage\":\"pl-PL\",\"@id\":\"https:\\\/\\\/meden.pl\\\/sprzetuzywany\\\/strona-glowna\\\/akcesoria\\\/wieszak-na-kroplowke-amtai\\\/#primaryimage\",\"url\":\"https:\\\/\\\/meden.pl\\\/sprzetuzywany\\\/wp-content\\\/uploads\\\/sites\\\/5\\\/2016\\\/01\\\/Wieszak-na-kropl\u00f3wk\u0119.jpg\",\"contentUrl\":\"https:\\\/\\\/meden.pl\\\/sprzetuzywany\\\/wp-content\\\/uploads\\\/sites\\\/5\\\/2016\\\/01\\\/Wieszak-na-kropl\u00f3wk\u0119.jpg\",\"width\":533,\"height\":1204},{\"@type\":\"BreadcrumbList\",\"@id\":\"https:\\\/\\\/meden.pl\\\/sprzetuzywany\\\/strona-glowna\\\/akcesoria\\\/wieszak-na-kroplowke-amtai\\\/#breadcrumb\",\"itemListElement\":[{\"@type\":\"ListItem\",\"position\":1,\"name\":\"Strona g\u0142\u00f3wna\",\"item\":\"https:\\\/\\\/meden.pl\\\/sprzetuzywany\\\/\"},{\"@type\":\"ListItem\",\"position\":2,\"name\":\"Meden &#8211; u\u017cywany sprz\u0119t medyczny\",\"item\":\"https:\\\/\\\/meden.pl\\\/sprzetuzywany\\\/\"},{\"@type\":\"ListItem\",\"position\":3,\"name\":\"Akcesoria medyczne\",\"item\":\"https:\\\/\\\/meden.pl\\\/sprzetuzywany\\\/strona-glowna\\\/akcesoria\\\/\"},{\"@type\":\"ListItem\",\"position\":4,\"name\":\"Wieszak na kropl\u00f3wk\u0119 AMTAI\"}]},{\"@type\":\"WebSite\",\"@id\":\"https:\\\/\\\/meden.pl\\\/sprzetuzywany\\\/#website\",\"url\":\"https:\\\/\\\/meden.pl\\\/sprzetuzywany\\\/\",\"name\":\"Meden - u\u017cywany sprz\u0119t medyczny\",\"description\":\"\",\"potentialAction\":[{\"@type\":\"SearchAction\",\"target\":{\"@type\":\"EntryPoint\",\"urlTemplate\":\"https:\\\/\\\/meden.pl\\\/sprzetuzywany\\\/?s={search_term_string}\"},\"query-input\":{\"@type\":\"PropertyValueSpecification\",\"valueRequired\":true,\"valueName\":\"search_term_string\"}}],\"inLanguage\":\"pl-PL\"}]}<\/script>\n<!-- \/ Yoast SEO plugin. -->","yoast_head_json":{"title":"Wieszak na kropl\u00f3wk\u0119 AMTAI - Meden - u\u017cywany sprz\u0119t medyczny","robots":{"index":"index","follow":"follow","max-snippet":"max-snippet:-1","max-image-preview":"max-image-preview:large","max-video-preview":"max-video-preview:-1"},"canonical":"https:\/\/meden.pl\/sprzetuzywany\/strona-glowna\/akcesoria\/wieszak-na-kroplowke-amtai\/","og_locale":"pl_PL","og_type":"article","og_title":"Wieszak na kropl\u00f3wk\u0119 AMTAI - Meden - u\u017cywany sprz\u0119t medyczny","og_description":"Wieszak na kropl\u00f3wk\u0119 mocowany do szyny za pomoc\u0105 uchwytu obrotowego. Wysoko\u015b\u0107 i k\u0105t mo\u017cna regulowa\u0107 r\u0119cznie. Wykonany ze stali nierdzewnej i plastiku. Producent Amtai","og_url":"https:\/\/meden.pl\/sprzetuzywany\/strona-glowna\/akcesoria\/wieszak-na-kroplowke-amtai\/","og_site_name":"Meden - u\u017cywany sprz\u0119t medyczny","article_modified_time":"2016-03-01T10:42:07+00:00","og_image":[{"width":533,"height":1204,"url":"https:\/\/meden.pl\/sprzetuzywany\/wp-content\/uploads\/sites\/5\/2016\/01\/Wieszak-na-kropl\u00f3wk\u0119.jpg","type":"image\/jpeg"}],"twitter_card":"summary_large_image","schema":{"@context":"https:\/\/schema.org","@graph":[{"@type":"WebPage","@id":"https:\/\/meden.pl\/sprzetuzywany\/strona-glowna\/akcesoria\/wieszak-na-kroplowke-amtai\/","url":"https:\/\/meden.pl\/sprzetuzywany\/strona-glowna\/akcesoria\/wieszak-na-kroplowke-amtai\/","name":"Wieszak na kropl\u00f3wk\u0119 AMTAI - Meden - u\u017cywany sprz\u0119t medyczny","isPartOf":{"@id":"https:\/\/meden.pl\/sprzetuzywany\/#website"},"primaryImageOfPage":{"@id":"https:\/\/meden.pl\/sprzetuzywany\/strona-glowna\/akcesoria\/wieszak-na-kroplowke-amtai\/#primaryimage"},"image":{"@id":"https:\/\/meden.pl\/sprzetuzywany\/strona-glowna\/akcesoria\/wieszak-na-kroplowke-amtai\/#primaryimage"},"thumbnailUrl":"https:\/\/meden.pl\/sprzetuzywany\/wp-content\/uploads\/sites\/5\/2016\/01\/Wieszak-na-kropl\u00f3wk\u0119.jpg","datePublished":"2016-01-15T09:29:12+00:00","dateModified":"2016-03-01T10:42:07+00:00","breadcrumb":{"@id":"https:\/\/meden.pl\/sprzetuzywany\/strona-glowna\/akcesoria\/wieszak-na-kroplowke-amtai\/#breadcrumb"},"inLanguage":"pl-PL","potentialAction":[{"@type":"ReadAction","target":["https:\/\/meden.pl\/sprzetuzywany\/strona-glowna\/akcesoria\/wieszak-na-kroplowke-amtai\/"]}]},{"@type":"ImageObject","inLanguage":"pl-PL","@id":"https:\/\/meden.pl\/sprzetuzywany\/strona-glowna\/akcesoria\/wieszak-na-kroplowke-amtai\/#primaryimage","url":"https:\/\/meden.pl\/sprzetuzywany\/wp-content\/uploads\/sites\/5\/2016\/01\/Wieszak-na-kropl\u00f3wk\u0119.jpg","contentUrl":"https:\/\/meden.pl\/sprzetuzywany\/wp-content\/uploads\/sites\/5\/2016\/01\/Wieszak-na-kropl\u00f3wk\u0119.jpg","width":533,"height":1204},{"@type":"BreadcrumbList","@id":"https:\/\/meden.pl\/sprzetuzywany\/strona-glowna\/akcesoria\/wieszak-na-kroplowke-amtai\/#breadcrumb","itemListElement":[{"@type":"ListItem","position":1,"name":"Strona g\u0142\u00f3wna","item":"https:\/\/meden.pl\/sprzetuzywany\/"},{"@type":"ListItem","position":2,"name":"Meden &#8211; u\u017cywany sprz\u0119t medyczny","item":"https:\/\/meden.pl\/sprzetuzywany\/"},{"@type":"ListItem","position":3,"name":"Akcesoria medyczne","item":"https:\/\/meden.pl\/sprzetuzywany\/strona-glowna\/akcesoria\/"},{"@type":"ListItem","position":4,"name":"Wieszak na kropl\u00f3wk\u0119 AMTAI"}]},{"@type":"WebSite","@id":"https:\/\/meden.pl\/sprzetuzywany\/#website","url":"https:\/\/meden.pl\/sprzetuzywany\/","name":"Meden - u\u017cywany sprz\u0119t medyczny","description":"","potentialAction":[{"@type":"SearchAction","target":{"@type":"EntryPoint","urlTemplate":"https:\/\/meden.pl\/sprzetuzywany\/?s={search_term_string}"},"query-input":{"@type":"PropertyValueSpecification","valueRequired":true,"valueName":"search_term_string"}}],"inLanguage":"pl-PL"}]}},"_links":{"self":[{"href":"https:\/\/meden.pl\/sprzetuzywany\/wp-json\/wp\/v2\/pages\/155","targetHints":{"allow":["GET"]}}],"collection":[{"href":"https:\/\/meden.pl\/sprzetuzywany\/wp-json\/wp\/v2\/pages"}],"about":[{"href":"https:\/\/meden.pl\/sprzetuzywany\/wp-json\/wp\/v2\/types\/page"}],"author":[{"embeddable":true,"href":"https:\/\/meden.pl\/sprzetuzywany\/wp-json\/wp\/v2\/users\/3"}],"replies":[{"embeddable":true,"href":"https:\/\/meden.pl\/sprzetuzywany\/wp-json\/wp\/v2\/comments?post=155"}],"version-history":[{"count":6,"href":"https:\/\/meden.pl\/sprzetuzywany\/wp-json\/wp\/v2\/pages\/155\/revisions"}],"predecessor-version":[{"id":510,"href":"https:\/\/meden.pl\/sprzetuzywany\/wp-json\/wp\/v2\/pages\/155\/revisions\/510"}],"up":[{"embeddable":true,"href":"https:\/\/meden.pl\/sprzetuzywany\/wp-json\/wp\/v2\/pages\/64"}],"wp:featuredmedia":[{"embeddable":true,"href":"https:\/\/meden.pl\/sprzetuzywany\/wp-json\/wp\/v2\/media\/154"}],"wp:attachment":[{"href":"https:\/\/meden.pl\/sprzetuzywany\/wp-json\/wp\/v2\/media?parent=155"}],"curies":[{"name":"wp","href":"https:\/\/api.w.org\/{rel}","templated":true}]}}