{"id":81,"date":"2016-01-12T13:39:08","date_gmt":"2016-01-12T12:39:08","guid":{"rendered":"http:\/\/meden.pl\/sprzetuzywany\/?page_id=81"},"modified":"2016-03-01T11:37:56","modified_gmt":"2016-03-01T10:37:56","slug":"ekran-anestezyjny","status":"publish","type":"page","link":"https:\/\/meden.pl\/sprzetuzywany\/strona-glowna\/akcesoria\/ekran-anestezyjny\/","title":{"rendered":"Ekran anestezyjny"},"content":{"rendered":"<figure id=\"attachment_95\" aria-labelledby=\"figcaption_attachment_95\" class=\"wp-caption alignleft\"><a  class=\"colorbox\"  href=\"http:\/\/meden.pl\/wp-content\/uploads\/sites\/5\/2016\/01\/P1010478-e1452675387789.jpg\" ><img loading=\"lazy\" decoding=\"async\" class=\"wp-image-95 size-thumbnail\" src=\"http:\/\/meden.pl\/wp-content\/uploads\/sites\/5\/2016\/01\/P1010478-150x150.jpg\" alt=\"Ekran anestezyjny\" width=\"150\" height=\"150\" \/><\/a><figcaption id=\"figcaption_attachment_95\" class=\"wp-caption-text\" style=\"max-width: 130px\">Ekran anestezyjny<\/figcaption><\/figure>\n<figure id=\"attachment_96\" aria-labelledby=\"figcaption_attachment_96\" class=\"wp-caption alignleft\"><a  class=\"colorbox\"  href=\"http:\/\/meden.pl\/wp-content\/uploads\/sites\/5\/2016\/01\/P1010479-e1452675375604.jpg\" ><img loading=\"lazy\" decoding=\"async\" class=\"wp-image-96 size-thumbnail\" src=\"http:\/\/meden.pl\/wp-content\/uploads\/sites\/5\/2016\/01\/P1010479-150x150.jpg\" alt=\"Ekran anestezyjny\" width=\"150\" height=\"150\" \/><\/a><figcaption id=\"figcaption_attachment_96\" class=\"wp-caption-text\" style=\"max-width: 130px\">Ekran anestezyjny<\/figcaption><\/figure>\n<p>&nbsp;<\/p>\n<p>&nbsp;<\/p>\n<p>&nbsp;<\/p>\n<p>&nbsp;<\/p>\n<p>&nbsp;<\/p>\n<p>&nbsp;<\/p>\n<p>&nbsp;<\/p>\n<p><strong>Opis:<\/strong><\/p>\n<h4>Ekran anestezyjny<\/h4>\n<p>Ekran anestezyjny przytrzymuje serwet\u0119 operacyjn\u0105. Mo\u017cna regulowa\u0107 wysoko\u015b\u0107 i\/lub k\u0105t ekranu. Montowany na szynie za pomoc\u0105 uchwytu obrotowego. Ekran ten jest cz\u0119\u015bci\u0105 ekranu anestezyjnego z przed\u0142u\u017ceniem. Stal nierdzewna. D\u0142ugo\u015b\u0107 ramienia 65cm, wysoko\u015b\u0107 60cm.<\/p>\n<p><strong>Stan:<\/strong><\/p>\n<p>Fabrycznie nowe oraz u\u017cywane\u00a0ekrany anestezyjne.<\/p>\n<p>U\u017cywane w pe\u0142ni sprawne w bardzo dobrym stanie technicznym i wizualnym.<\/p>\n<p class=\"headline\"><span style=\"color: #000000\"><strong>\u00a0Kontakt:<\/strong> <strong>508 585 407<\/strong><\/span><\/p>\n","protected":false},"excerpt":{"rendered":"<p>Ekran anestezyjny przytrzymuje serwet\u0119 operacyjn\u0105. Mo\u017cna regulowa\u0107 wysoko\u015b\u0107 i\/lub k\u0105t ekranu. Montowany na szynie za pomoc\u0105 uchwytu <\/p>\n","protected":false},"author":3,"featured_media":136,"parent":64,"menu_order":0,"comment_status":"closed","ping_status":"closed","template":"","meta":{"_monsterinsights_skip_tracking":false,"_monsterinsights_sitenote_active":false,"_monsterinsights_sitenote_note":"","_monsterinsights_sitenote_category":0,"footnotes":""},"class_list":["post-81","page","type-page","status-publish","has-post-thumbnail","hentry"],"yoast_head":"<!-- This site is optimized with the Yoast SEO plugin v27.6 - https:\/\/yoast.com\/product\/yoast-seo-wordpress\/ -->\n<title>Ekran anestezyjny - Meden - u\u017cywany sprz\u0119t medyczny<\/title>\n<meta name=\"robots\" content=\"index, follow, max-snippet:-1, max-image-preview:large, max-video-preview:-1\" \/>\n<link rel=\"canonical\" href=\"https:\/\/meden.pl\/sprzetuzywany\/strona-glowna\/akcesoria\/ekran-anestezyjny\/\" \/>\n<meta property=\"og:locale\" content=\"pl_PL\" \/>\n<meta property=\"og:type\" content=\"article\" \/>\n<meta property=\"og:title\" content=\"Ekran anestezyjny - Meden - u\u017cywany sprz\u0119t medyczny\" \/>\n<meta property=\"og:description\" content=\"Ekran anestezyjny przytrzymuje serwet\u0119 operacyjn\u0105. Mo\u017cna regulowa\u0107 wysoko\u015b\u0107 i\/lub k\u0105t ekranu. Montowany na szynie za pomoc\u0105 uchwytu\" \/>\n<meta property=\"og:url\" content=\"https:\/\/meden.pl\/sprzetuzywany\/strona-glowna\/akcesoria\/ekran-anestezyjny\/\" \/>\n<meta property=\"og:site_name\" content=\"Meden - u\u017cywany sprz\u0119t medyczny\" \/>\n<meta property=\"article:modified_time\" content=\"2016-03-01T10:37:56+00:00\" \/>\n<meta property=\"og:image\" content=\"https:\/\/meden.pl\/sprzetuzywany\/wp-content\/uploads\/sites\/5\/2016\/01\/P1010479-1-e1452777439121.jpg\" \/>\n\t<meta property=\"og:image:width\" content=\"200\" \/>\n\t<meta property=\"og:image:height\" content=\"150\" \/>\n\t<meta property=\"og:image:type\" content=\"image\/jpeg\" \/>\n<meta name=\"twitter:card\" content=\"summary_large_image\" \/>\n<script type=\"application\/ld+json\" class=\"yoast-schema-graph\">{\"@context\":\"https:\\\/\\\/schema.org\",\"@graph\":[{\"@type\":\"WebPage\",\"@id\":\"https:\\\/\\\/meden.pl\\\/sprzetuzywany\\\/strona-glowna\\\/akcesoria\\\/ekran-anestezyjny\\\/\",\"url\":\"https:\\\/\\\/meden.pl\\\/sprzetuzywany\\\/strona-glowna\\\/akcesoria\\\/ekran-anestezyjny\\\/\",\"name\":\"Ekran anestezyjny - Meden - u\u017cywany sprz\u0119t medyczny\",\"isPartOf\":{\"@id\":\"https:\\\/\\\/meden.pl\\\/sprzetuzywany\\\/#website\"},\"primaryImageOfPage\":{\"@id\":\"https:\\\/\\\/meden.pl\\\/sprzetuzywany\\\/strona-glowna\\\/akcesoria\\\/ekran-anestezyjny\\\/#primaryimage\"},\"image\":{\"@id\":\"https:\\\/\\\/meden.pl\\\/sprzetuzywany\\\/strona-glowna\\\/akcesoria\\\/ekran-anestezyjny\\\/#primaryimage\"},\"thumbnailUrl\":\"https:\\\/\\\/meden.pl\\\/sprzetuzywany\\\/wp-content\\\/uploads\\\/sites\\\/5\\\/2016\\\/01\\\/P1010479-1-e1452777439121.jpg\",\"datePublished\":\"2016-01-12T12:39:08+00:00\",\"dateModified\":\"2016-03-01T10:37:56+00:00\",\"breadcrumb\":{\"@id\":\"https:\\\/\\\/meden.pl\\\/sprzetuzywany\\\/strona-glowna\\\/akcesoria\\\/ekran-anestezyjny\\\/#breadcrumb\"},\"inLanguage\":\"pl-PL\",\"potentialAction\":[{\"@type\":\"ReadAction\",\"target\":[\"https:\\\/\\\/meden.pl\\\/sprzetuzywany\\\/strona-glowna\\\/akcesoria\\\/ekran-anestezyjny\\\/\"]}]},{\"@type\":\"ImageObject\",\"inLanguage\":\"pl-PL\",\"@id\":\"https:\\\/\\\/meden.pl\\\/sprzetuzywany\\\/strona-glowna\\\/akcesoria\\\/ekran-anestezyjny\\\/#primaryimage\",\"url\":\"https:\\\/\\\/meden.pl\\\/sprzetuzywany\\\/wp-content\\\/uploads\\\/sites\\\/5\\\/2016\\\/01\\\/P1010479-1-e1452777439121.jpg\",\"contentUrl\":\"https:\\\/\\\/meden.pl\\\/sprzetuzywany\\\/wp-content\\\/uploads\\\/sites\\\/5\\\/2016\\\/01\\\/P1010479-1-e1452777439121.jpg\",\"width\":200,\"height\":150},{\"@type\":\"BreadcrumbList\",\"@id\":\"https:\\\/\\\/meden.pl\\\/sprzetuzywany\\\/strona-glowna\\\/akcesoria\\\/ekran-anestezyjny\\\/#breadcrumb\",\"itemListElement\":[{\"@type\":\"ListItem\",\"position\":1,\"name\":\"Strona g\u0142\u00f3wna\",\"item\":\"https:\\\/\\\/meden.pl\\\/sprzetuzywany\\\/\"},{\"@type\":\"ListItem\",\"position\":2,\"name\":\"Meden &#8211; u\u017cywany sprz\u0119t medyczny\",\"item\":\"https:\\\/\\\/meden.pl\\\/sprzetuzywany\\\/\"},{\"@type\":\"ListItem\",\"position\":3,\"name\":\"Akcesoria medyczne\",\"item\":\"https:\\\/\\\/meden.pl\\\/sprzetuzywany\\\/strona-glowna\\\/akcesoria\\\/\"},{\"@type\":\"ListItem\",\"position\":4,\"name\":\"Ekran anestezyjny\"}]},{\"@type\":\"WebSite\",\"@id\":\"https:\\\/\\\/meden.pl\\\/sprzetuzywany\\\/#website\",\"url\":\"https:\\\/\\\/meden.pl\\\/sprzetuzywany\\\/\",\"name\":\"Meden - u\u017cywany sprz\u0119t medyczny\",\"description\":\"\",\"potentialAction\":[{\"@type\":\"SearchAction\",\"target\":{\"@type\":\"EntryPoint\",\"urlTemplate\":\"https:\\\/\\\/meden.pl\\\/sprzetuzywany\\\/?s={search_term_string}\"},\"query-input\":{\"@type\":\"PropertyValueSpecification\",\"valueRequired\":true,\"valueName\":\"search_term_string\"}}],\"inLanguage\":\"pl-PL\"}]}<\/script>\n<!-- \/ Yoast SEO plugin. -->","yoast_head_json":{"title":"Ekran anestezyjny - Meden - u\u017cywany sprz\u0119t medyczny","robots":{"index":"index","follow":"follow","max-snippet":"max-snippet:-1","max-image-preview":"max-image-preview:large","max-video-preview":"max-video-preview:-1"},"canonical":"https:\/\/meden.pl\/sprzetuzywany\/strona-glowna\/akcesoria\/ekran-anestezyjny\/","og_locale":"pl_PL","og_type":"article","og_title":"Ekran anestezyjny - Meden - u\u017cywany sprz\u0119t medyczny","og_description":"Ekran anestezyjny przytrzymuje serwet\u0119 operacyjn\u0105. Mo\u017cna regulowa\u0107 wysoko\u015b\u0107 i\/lub k\u0105t ekranu. Montowany na szynie za pomoc\u0105 uchwytu","og_url":"https:\/\/meden.pl\/sprzetuzywany\/strona-glowna\/akcesoria\/ekran-anestezyjny\/","og_site_name":"Meden - u\u017cywany sprz\u0119t medyczny","article_modified_time":"2016-03-01T10:37:56+00:00","og_image":[{"width":200,"height":150,"url":"https:\/\/meden.pl\/sprzetuzywany\/wp-content\/uploads\/sites\/5\/2016\/01\/P1010479-1-e1452777439121.jpg","type":"image\/jpeg"}],"twitter_card":"summary_large_image","schema":{"@context":"https:\/\/schema.org","@graph":[{"@type":"WebPage","@id":"https:\/\/meden.pl\/sprzetuzywany\/strona-glowna\/akcesoria\/ekran-anestezyjny\/","url":"https:\/\/meden.pl\/sprzetuzywany\/strona-glowna\/akcesoria\/ekran-anestezyjny\/","name":"Ekran anestezyjny - Meden - u\u017cywany sprz\u0119t medyczny","isPartOf":{"@id":"https:\/\/meden.pl\/sprzetuzywany\/#website"},"primaryImageOfPage":{"@id":"https:\/\/meden.pl\/sprzetuzywany\/strona-glowna\/akcesoria\/ekran-anestezyjny\/#primaryimage"},"image":{"@id":"https:\/\/meden.pl\/sprzetuzywany\/strona-glowna\/akcesoria\/ekran-anestezyjny\/#primaryimage"},"thumbnailUrl":"https:\/\/meden.pl\/sprzetuzywany\/wp-content\/uploads\/sites\/5\/2016\/01\/P1010479-1-e1452777439121.jpg","datePublished":"2016-01-12T12:39:08+00:00","dateModified":"2016-03-01T10:37:56+00:00","breadcrumb":{"@id":"https:\/\/meden.pl\/sprzetuzywany\/strona-glowna\/akcesoria\/ekran-anestezyjny\/#breadcrumb"},"inLanguage":"pl-PL","potentialAction":[{"@type":"ReadAction","target":["https:\/\/meden.pl\/sprzetuzywany\/strona-glowna\/akcesoria\/ekran-anestezyjny\/"]}]},{"@type":"ImageObject","inLanguage":"pl-PL","@id":"https:\/\/meden.pl\/sprzetuzywany\/strona-glowna\/akcesoria\/ekran-anestezyjny\/#primaryimage","url":"https:\/\/meden.pl\/sprzetuzywany\/wp-content\/uploads\/sites\/5\/2016\/01\/P1010479-1-e1452777439121.jpg","contentUrl":"https:\/\/meden.pl\/sprzetuzywany\/wp-content\/uploads\/sites\/5\/2016\/01\/P1010479-1-e1452777439121.jpg","width":200,"height":150},{"@type":"BreadcrumbList","@id":"https:\/\/meden.pl\/sprzetuzywany\/strona-glowna\/akcesoria\/ekran-anestezyjny\/#breadcrumb","itemListElement":[{"@type":"ListItem","position":1,"name":"Strona g\u0142\u00f3wna","item":"https:\/\/meden.pl\/sprzetuzywany\/"},{"@type":"ListItem","position":2,"name":"Meden &#8211; u\u017cywany sprz\u0119t medyczny","item":"https:\/\/meden.pl\/sprzetuzywany\/"},{"@type":"ListItem","position":3,"name":"Akcesoria medyczne","item":"https:\/\/meden.pl\/sprzetuzywany\/strona-glowna\/akcesoria\/"},{"@type":"ListItem","position":4,"name":"Ekran anestezyjny"}]},{"@type":"WebSite","@id":"https:\/\/meden.pl\/sprzetuzywany\/#website","url":"https:\/\/meden.pl\/sprzetuzywany\/","name":"Meden - u\u017cywany sprz\u0119t medyczny","description":"","potentialAction":[{"@type":"SearchAction","target":{"@type":"EntryPoint","urlTemplate":"https:\/\/meden.pl\/sprzetuzywany\/?s={search_term_string}"},"query-input":{"@type":"PropertyValueSpecification","valueRequired":true,"valueName":"search_term_string"}}],"inLanguage":"pl-PL"}]}},"_links":{"self":[{"href":"https:\/\/meden.pl\/sprzetuzywany\/wp-json\/wp\/v2\/pages\/81","targetHints":{"allow":["GET"]}}],"collection":[{"href":"https:\/\/meden.pl\/sprzetuzywany\/wp-json\/wp\/v2\/pages"}],"about":[{"href":"https:\/\/meden.pl\/sprzetuzywany\/wp-json\/wp\/v2\/types\/page"}],"author":[{"embeddable":true,"href":"https:\/\/meden.pl\/sprzetuzywany\/wp-json\/wp\/v2\/users\/3"}],"replies":[{"embeddable":true,"href":"https:\/\/meden.pl\/sprzetuzywany\/wp-json\/wp\/v2\/comments?post=81"}],"version-history":[{"count":29,"href":"https:\/\/meden.pl\/sprzetuzywany\/wp-json\/wp\/v2\/pages\/81\/revisions"}],"predecessor-version":[{"id":502,"href":"https:\/\/meden.pl\/sprzetuzywany\/wp-json\/wp\/v2\/pages\/81\/revisions\/502"}],"up":[{"embeddable":true,"href":"https:\/\/meden.pl\/sprzetuzywany\/wp-json\/wp\/v2\/pages\/64"}],"wp:featuredmedia":[{"embeddable":true,"href":"https:\/\/meden.pl\/sprzetuzywany\/wp-json\/wp\/v2\/media\/136"}],"wp:attachment":[{"href":"https:\/\/meden.pl\/sprzetuzywany\/wp-json\/wp\/v2\/media?parent=81"}],"curies":[{"name":"wp","href":"https:\/\/api.w.org\/{rel}","templated":true}]}}